{"id":5,"date":"2021-03-22T10:07:33","date_gmt":"2021-03-22T10:07:33","guid":{"rendered":"http:\/\/radifinc.org\/?page_id=5"},"modified":"2021-03-22T22:40:41","modified_gmt":"2021-03-22T22:40:41","slug":"create-your-website-with-blocks","status":"publish","type":"page","link":"https:\/\/radifinc.org\/index.php\/create-your-website-with-blocks\/","title":{"rendered":"Nos sponsors"},"content":{"rendered":"\n<p>Chez Radif, nous ne sommes pas fond\u00e9s en ce moment, nous continuons notre aide \u00e0 ceux qui en ont besoin car nos membres actuels soutiennent, parfois il est difficile de revenir vers eux pour les m\u00eames raisons, mais ils comprennent que ces enfants attendent d&#8217;\u00eatre aid\u00e9s , aussi petits que cela puisse \u00eatre, ils aident \u00e0 continuer les r\u00eaves. Nous attendons une aide de toutes sortes et de la part de beaucoup pour pouvoir continuer, parce que ces enfants sont vraiment dans le besoin que ce soit pour l&#8217;\u00e9cole, la nourriture, la sant\u00e9 et autres, nous ne pouvons pas les laisser \u00e0 mi-chemin, alors nous sommes vous attend.<br>Dr Wilky Sanon- Ing. Altidor-Frere Gary Philistin, Frere Edgard,  membres du forum de la Radio DouceFm Internationale  et leurs fans et amis qui nous aident avec l&#8217;\u00e9ducation des enfants en Ha\u00efti. Avec un minimum, vous pouvez faire partie de l&#8217;\u00e9quipe.<br>ici nous avons re\u00e7u votre aide pour l&#8217;ann\u00e9e derni\u00e8re et cette ann\u00e9e encore, nous attendons votre aide.<\/p>\n\n\n\n<div style=\"height:100px\" aria-hidden=\"true\" class=\"wp-block-spacer\"><\/div>\n\n\n\n<div class=\"wp-block-columns alignwide are-vertically-aligned-center is-style-twentytwentyone-columns-overlap\">\n<div class=\"wp-block-column is-vertically-aligned-center\">\n<div style=\"height:100px\" aria-hidden=\"true\" class=\"wp-block-spacer\"><\/div>\n<\/div>\n\n\n\n<div class=\"wp-block-column is-vertically-aligned-center\">\n<div style=\"height:100px\" aria-hidden=\"true\" class=\"wp-block-spacer\"><\/div>\n<\/div>\n<\/div>\n\n\n\n<div style=\"height:50px\" aria-hidden=\"true\" class=\"wp-block-spacer\"><\/div>\n\n\n\n<div class=\"wp-block-columns alignwide are-vertically-aligned-top\">\n<div class=\"wp-block-column is-vertically-aligned-top\">\n<h3>Tous les fans<\/h3>\n\n\n\n<p>Soon<\/p>\n\n\n\n<p><\/p>\n<\/div>\n\n\n\n<div class=\"wp-block-column is-vertically-aligned-top\">\n<h3>Tous les fans<\/h3>\n\n\n\n<p>Soon<\/p>\n<\/div>\n\n\n\n<div class=\"wp-block-column is-vertically-aligned-top\">\n<h3>Tous les fans<\/h3>\n\n\n\n<p>Soon<\/p>\n<\/div>\n<\/div>\n\n\n\n<div style=\"height:100px\" aria-hidden=\"true\" class=\"wp-block-spacer\"><\/div>\n\n\n\n<div class=\"wp-block-cover alignwide has-green-background-color has-background-dim is-style-twentytwentyone-border\"><div class=\"wp-block-cover__inner-container\">\n<div style=\"height:20px\" aria-hidden=\"true\" class=\"wp-block-spacer\"><\/div>\n\n\n\n<p class=\"has-huge-font-size\">Need help?<\/p>\n\n\n\n<div style=\"height:75px\" aria-hidden=\"true\" class=\"wp-block-spacer\"><\/div>\n\n\n\n<div class=\"wp-block-columns\">\n<div class=\"wp-block-column\">\n<p><a href=\"https:\/\/wordpress.org\/support\/article\/twenty-twenty-one\/\">Read the Theme Documentation<\/a><\/p>\n<\/div>\n\n\n\n<div class=\"wp-block-column\">\n<p><a href=\"https:\/\/wordpress.org\/support\/theme\/twentytwentyone\/\">Check out the Support Forums<\/a><\/p>\n<\/div>\n<\/div>\n\n\n\n<div style=\"height:20px\" aria-hidden=\"true\" class=\"wp-block-spacer\"><\/div>\n<\/div><\/div>\n","protected":false},"excerpt":{"rendered":"<p>Chez Radif, nous ne sommes pas fond\u00e9s en ce moment, nous continuons notre aide \u00e0 ceux qui en ont besoin car nos membres actuels soutiennent, parfois il est difficile de&hellip; <\/p>\n","protected":false},"author":1,"featured_media":55,"parent":0,"menu_order":0,"comment_status":"closed","ping_status":"closed","template":"","meta":{"om_disable_all_campaigns":false,"_monsterinsights_skip_tracking":false,"_monsterinsights_sitenote_active":false,"_monsterinsights_sitenote_note":"","_monsterinsights_sitenote_category":0},"_links":{"self":[{"href":"https:\/\/radifinc.org\/index.php\/wp-json\/wp\/v2\/pages\/5"}],"collection":[{"href":"https:\/\/radifinc.org\/index.php\/wp-json\/wp\/v2\/pages"}],"about":[{"href":"https:\/\/radifinc.org\/index.php\/wp-json\/wp\/v2\/types\/page"}],"author":[{"embeddable":true,"href":"https:\/\/radifinc.org\/index.php\/wp-json\/wp\/v2\/users\/1"}],"replies":[{"embeddable":true,"href":"https:\/\/radifinc.org\/index.php\/wp-json\/wp\/v2\/comments?post=5"}],"version-history":[{"count":2,"href":"https:\/\/radifinc.org\/index.php\/wp-json\/wp\/v2\/pages\/5\/revisions"}],"predecessor-version":[{"id":106,"href":"https:\/\/radifinc.org\/index.php\/wp-json\/wp\/v2\/pages\/5\/revisions\/106"}],"wp:featuredmedia":[{"embeddable":true,"href":"https:\/\/radifinc.org\/index.php\/wp-json\/wp\/v2\/media\/55"}],"wp:attachment":[{"href":"https:\/\/radifinc.org\/index.php\/wp-json\/wp\/v2\/media?parent=5"}],"curies":[{"name":"wp","href":"https:\/\/api.w.org\/{rel}","templated":true}]}}