{"id":6,"date":"2021-03-22T10:07:33","date_gmt":"2021-03-22T10:07:33","guid":{"rendered":"http:\/\/radifinc.org\/?page_id=6"},"modified":"2021-03-29T08:08:09","modified_gmt":"2021-03-29T08:08:09","slug":"about","status":"publish","type":"page","link":"https:\/\/radifinc.org\/index.php\/about\/","title":{"rendered":"Nous"},"content":{"rendered":"\n<p>Nous, \u00e0 Radio Douce Fm International Foundation, une organisation \u00e0 but non lucratif 501 (c3),<br> croyons en l&#8217;\u00e9ducation, mais  savons que pour toucher plus de gens, devons en faire un travail communautaire, afin que nos membres re\u00e7oivent une formation quotidienne sur la vie, les probl\u00e8mes sociaux et \u00e9ducatifs <\/p>\n\n\n\n<p>Dans nos m\u00e9dias sociaux et notre forum de groupe o\u00f9 plus que pr\u00e9vu les membres deviennent diff\u00e9rents dans leurs pens\u00e9es et leurs r\u00e9actions apr\u00e8s seulement une semaine.<\/p>\n\n\n\n<p><br>Nous avons notre personnel d\u00e9di\u00e9 pour pr\u00e9parer une programmation hebdomadaire pour le forum et recevoir chaque jour une invitation interne ou externe pour discuter d&#8217;un sujet.<\/p>\n\n\n\n<p><br>les membres et les participants ont \u00e9galement la possibilit\u00e9 de donner leur avis sur cette question.<br>Parfois, nous allons tr\u00e8s fort les uns sur les autres pour trouver des solutions, donc nos points de vue ne sont pas toujours les m\u00eames, mais en fin de compte, nous trouvons un terrain d&#8217;entente. <\/p>\n\n\n\n<p>Bien que nous recevions des \u00e9trangers pour faire des conf\u00e9rences et \u00e9duquer nos membres, nous avons \u00e9galement des jours de la semaine qui sont verrouill\u00e9s pour nos membres enseignants uniquement tels que mardi Marie, mercredi pour des probl\u00e8mes juridiques avec l&#8217;avocat Yves Gefrene Voltaire, jeudi sur des questions sociales et politiques avec Ing . Altidor (jeudi AL), samedi avec le Dr Wilky Sanon, m\u00e9decin psociologue pour les probl\u00e8mes avec l&#8217;esprit et tout<\/p>\n\n\n\n<p class=\"has-text-align-center\"><span class=\"has-inline-color has-vivid-red-color\"><strong>To our English Speaking friends<\/strong><\/span><\/p>\n\n\n\n<p>We at Radio Douce Fm International foundation, a 501 (c3) non-profit organization, believe in education, but know that in order to reach more people, we need to make it community work, so that our members receive daily training. on life, social and educational issues<\/p>\n\n\n\n<p>In our social media and our group forum where more than expected members become different in their thoughts and reactions after only a week.<\/p>\n\n\n\n<p>We have our dedicated staff to prepare weekly programming for the forum and receive an internal or external invitation every day to discuss a topic.<\/p>\n\n\n\n<p>Members and participants also have the opportunity to give their opinion on this issue. Sometimes we go very hard on each other to find solutions, so our views are not always the same, but at the end of the day we find common ground.<\/p>\n\n\n\n<p>Although we receive strangers to give lectures and educate our members, we also have days of the week that are locked for our teacher members only such as Tuesday Marie, Wednesday for legal issues with lawyer Yves Gefrene Voltaire, Thursday on social and political issues with Ing. Altidor (Thursday AL), Saturday with Dr Wilky Sanon, doctor psociologist for problems with the mind and all<\/p>\n","protected":false},"excerpt":{"rendered":"<p>Nous, \u00e0 Radio Douce Fm International Foundation, une organisation \u00e0 but non lucratif 501 (c3), croyons en l&#8217;\u00e9ducation, mais savons que pour toucher plus de gens, devons en faire un&hellip; <\/p>\n","protected":false},"author":1,"featured_media":174,"parent":0,"menu_order":0,"comment_status":"closed","ping_status":"closed","template":"","meta":{"om_disable_all_campaigns":false,"_monsterinsights_skip_tracking":false,"_monsterinsights_sitenote_active":false,"_monsterinsights_sitenote_note":"","_monsterinsights_sitenote_category":0},"_links":{"self":[{"href":"https:\/\/radifinc.org\/index.php\/wp-json\/wp\/v2\/pages\/6"}],"collection":[{"href":"https:\/\/radifinc.org\/index.php\/wp-json\/wp\/v2\/pages"}],"about":[{"href":"https:\/\/radifinc.org\/index.php\/wp-json\/wp\/v2\/types\/page"}],"author":[{"embeddable":true,"href":"https:\/\/radifinc.org\/index.php\/wp-json\/wp\/v2\/users\/1"}],"replies":[{"embeddable":true,"href":"https:\/\/radifinc.org\/index.php\/wp-json\/wp\/v2\/comments?post=6"}],"version-history":[{"count":3,"href":"https:\/\/radifinc.org\/index.php\/wp-json\/wp\/v2\/pages\/6\/revisions"}],"predecessor-version":[{"id":197,"href":"https:\/\/radifinc.org\/index.php\/wp-json\/wp\/v2\/pages\/6\/revisions\/197"}],"wp:featuredmedia":[{"embeddable":true,"href":"https:\/\/radifinc.org\/index.php\/wp-json\/wp\/v2\/media\/174"}],"wp:attachment":[{"href":"https:\/\/radifinc.org\/index.php\/wp-json\/wp\/v2\/media?parent=6"}],"curies":[{"name":"wp","href":"https:\/\/api.w.org\/{rel}","templated":true}]}}