{"id":87,"date":"2021-03-22T22:20:17","date_gmt":"2021-03-22T22:20:17","guid":{"rendered":"http:\/\/radifinc.org\/?page_id=87"},"modified":"2021-03-22T22:27:48","modified_gmt":"2021-03-22T22:27:48","slug":"nos-anciens","status":"publish","type":"page","link":"https:\/\/radifinc.org\/index.php\/nos-anciens\/","title":{"rendered":"Nos Anciens"},"content":{"rendered":"\n<p>Chez Radif, nous n&#8217;oublions jamais ceux avec qui nous avons commenc\u00e9 ce voyage, ils ont toujours une place sp\u00e9ciale dans nos c\u0153urs, nous les ch\u00e9rissons toujours quelles que soient les raisons qui les ont pouss\u00e9s \u00e0 terminer le voyage. Cette page est d\u00e9di\u00e9e \u00e0 ceux qui nous ont tant manqu\u00e9. Vous ne cessez jamais d&#8217;\u00eatre membre Radif quelle que soit votre aventure actuelle, vous \u00eates toujours dans nos c\u0153urs, \u00e9tiez un radif, est un radif et soyez toujours un Radif<\/p>\n\n\n\n<div class=\"wp-block-group\"><div class=\"wp-block-group__inner-container\">\n<figure class=\"wp-block-image size-large is-style-rounded\"><img loading=\"lazy\" width=\"604\" height=\"453\" src=\"http:\/\/radifinc.org\/wp-content\/uploads\/2021\/03\/Cherlie-jerome-1.jpg\" alt=\"\" class=\"wp-image-102\" srcset=\"https:\/\/radifinc.org\/wp-content\/uploads\/2021\/03\/Cherlie-jerome-1.jpg 604w, https:\/\/radifinc.org\/wp-content\/uploads\/2021\/03\/Cherlie-jerome-1-300x225.jpg 300w\" sizes=\"(max-width: 604px) 100vw, 604px\" \/><\/figure>\n<\/div><\/div>\n\n\n\n<figure class=\"wp-block-image size-large is-resized is-style-rounded\"><img loading=\"lazy\" src=\"http:\/\/radifinc.org\/wp-content\/uploads\/2021\/03\/Verrier-768x1024.jpg\" alt=\"\" class=\"wp-image-99\" width=\"743\" height=\"990\" srcset=\"https:\/\/radifinc.org\/wp-content\/uploads\/2021\/03\/Verrier-768x1024.jpg 768w, https:\/\/radifinc.org\/wp-content\/uploads\/2021\/03\/Verrier-225x300.jpg 225w, https:\/\/radifinc.org\/wp-content\/uploads\/2021\/03\/Verrier.jpg 810w\" sizes=\"(max-width: 743px) 100vw, 743px\" \/><figcaption><img loading=\"lazy\" width=\"2048\" height=\"1536\" class=\"wp-image-98\" style=\"width: 150px;\" src=\"http:\/\/radifinc.org\/wp-content\/uploads\/2021\/03\/Rodin-Dantinor.jpg\" alt=\"\" srcset=\"https:\/\/radifinc.org\/wp-content\/uploads\/2021\/03\/Rodin-Dantinor.jpg 2048w, https:\/\/radifinc.org\/wp-content\/uploads\/2021\/03\/Rodin-Dantinor-300x225.jpg 300w, https:\/\/radifinc.org\/wp-content\/uploads\/2021\/03\/Rodin-Dantinor-1024x768.jpg 1024w, https:\/\/radifinc.org\/wp-content\/uploads\/2021\/03\/Rodin-Dantinor-768x576.jpg 768w, https:\/\/radifinc.org\/wp-content\/uploads\/2021\/03\/Rodin-Dantinor-1536x1152.jpg 1536w\" sizes=\"(max-width: 2048px) 100vw, 2048px\" \/><img loading=\"lazy\" width=\"720\" height=\"960\" class=\"wp-image-97\" style=\"width: 150px;\" src=\"http:\/\/radifinc.org\/wp-content\/uploads\/2021\/03\/Raymond-emmanuel.jpg\" alt=\"\" srcset=\"https:\/\/radifinc.org\/wp-content\/uploads\/2021\/03\/Raymond-emmanuel.jpg 720w, https:\/\/radifinc.org\/wp-content\/uploads\/2021\/03\/Raymond-emmanuel-225x300.jpg 225w\" sizes=\"(max-width: 720px) 100vw, 720px\" \/><img loading=\"lazy\" width=\"774\" height=\"1032\" class=\"wp-image-96\" style=\"width: 150px;\" src=\"http:\/\/radifinc.org\/wp-content\/uploads\/2021\/03\/Papi-soso.jpg\" alt=\"\" srcset=\"https:\/\/radifinc.org\/wp-content\/uploads\/2021\/03\/Papi-soso.jpg 774w, https:\/\/radifinc.org\/wp-content\/uploads\/2021\/03\/Papi-soso-225x300.jpg 225w, https:\/\/radifinc.org\/wp-content\/uploads\/2021\/03\/Papi-soso-768x1024.jpg 768w\" sizes=\"(max-width: 774px) 100vw, 774px\" \/><img loading=\"lazy\" width=\"607\" height=\"1080\" class=\"wp-image-95\" style=\"width: 150px;\" src=\"http:\/\/radifinc.org\/wp-content\/uploads\/2021\/03\/Morissain.jpg\" alt=\"\" srcset=\"https:\/\/radifinc.org\/wp-content\/uploads\/2021\/03\/Morissain.jpg 607w, https:\/\/radifinc.org\/wp-content\/uploads\/2021\/03\/Morissain-169x300.jpg 169w, https:\/\/radifinc.org\/wp-content\/uploads\/2021\/03\/Morissain-576x1024.jpg 576w\" sizes=\"(max-width: 607px) 100vw, 607px\" \/><img loading=\"lazy\" width=\"1200\" height=\"1208\" class=\"wp-image-94\" style=\"width: 150px;\" src=\"http:\/\/radifinc.org\/wp-content\/uploads\/2021\/03\/Fabi.jpg\" alt=\"\" srcset=\"https:\/\/radifinc.org\/wp-content\/uploads\/2021\/03\/Fabi.jpg 1200w, https:\/\/radifinc.org\/wp-content\/uploads\/2021\/03\/Fabi-298x300.jpg 298w, https:\/\/radifinc.org\/wp-content\/uploads\/2021\/03\/Fabi-1017x1024.jpg 1017w, https:\/\/radifinc.org\/wp-content\/uploads\/2021\/03\/Fabi-150x150.jpg 150w, https:\/\/radifinc.org\/wp-content\/uploads\/2021\/03\/Fabi-768x773.jpg 768w\" sizes=\"(max-width: 1200px) 100vw, 1200px\" \/><img loading=\"lazy\" width=\"720\" height=\"721\" class=\"wp-image-93\" style=\"width: 150px;\" src=\"http:\/\/radifinc.org\/wp-content\/uploads\/2021\/03\/Eveline-Pierre.jpg\" alt=\"\" srcset=\"https:\/\/radifinc.org\/wp-content\/uploads\/2021\/03\/Eveline-Pierre.jpg 720w, https:\/\/radifinc.org\/wp-content\/uploads\/2021\/03\/Eveline-Pierre-300x300.jpg 300w, https:\/\/radifinc.org\/wp-content\/uploads\/2021\/03\/Eveline-Pierre-150x150.jpg 150w\" sizes=\"(max-width: 720px) 100vw, 720px\" \/><img loading=\"lazy\" width=\"1080\" height=\"1440\" class=\"wp-image-92\" style=\"width: 150px;\" src=\"http:\/\/radifinc.org\/wp-content\/uploads\/2021\/03\/Esai.jpg\" alt=\"\" srcset=\"https:\/\/radifinc.org\/wp-content\/uploads\/2021\/03\/Esai.jpg 1080w, https:\/\/radifinc.org\/wp-content\/uploads\/2021\/03\/Esai-225x300.jpg 225w, https:\/\/radifinc.org\/wp-content\/uploads\/2021\/03\/Esai-768x1024.jpg 768w\" sizes=\"(max-width: 1080px) 100vw, 1080px\" \/><img loading=\"lazy\" width=\"607\" height=\"1080\" class=\"wp-image-91\" style=\"width: 150px;\" src=\"http:\/\/radifinc.org\/wp-content\/uploads\/2021\/03\/Dr.-Erno.jpg\" alt=\"\" srcset=\"https:\/\/radifinc.org\/wp-content\/uploads\/2021\/03\/Dr.-Erno.jpg 607w, https:\/\/radifinc.org\/wp-content\/uploads\/2021\/03\/Dr.-Erno-169x300.jpg 169w, https:\/\/radifinc.org\/wp-content\/uploads\/2021\/03\/Dr.-Erno-576x1024.jpg 576w\" sizes=\"(max-width: 607px) 100vw, 607px\" \/><img loading=\"lazy\" width=\"604\" height=\"453\" class=\"wp-image-90\" style=\"width: 150px;\" src=\"http:\/\/radifinc.org\/wp-content\/uploads\/2021\/03\/Cherlie-jerome.jpg\" alt=\"\" srcset=\"https:\/\/radifinc.org\/wp-content\/uploads\/2021\/03\/Cherlie-jerome.jpg 604w, https:\/\/radifinc.org\/wp-content\/uploads\/2021\/03\/Cherlie-jerome-300x225.jpg 300w\" sizes=\"(max-width: 604px) 100vw, 604px\" \/><\/figcaption><\/figure>\n","protected":false},"excerpt":{"rendered":"<p>Chez Radif, nous n&#8217;oublions jamais ceux avec qui nous avons commenc\u00e9 ce voyage, ils ont toujours une place sp\u00e9ciale dans nos c\u0153urs, nous les ch\u00e9rissons toujours quelles que soient les&hellip; <\/p>\n","protected":false},"author":1,"featured_media":89,"parent":0,"menu_order":0,"comment_status":"closed","ping_status":"closed","template":"","meta":{"om_disable_all_campaigns":false,"_monsterinsights_skip_tracking":false,"_monsterinsights_sitenote_active":false,"_monsterinsights_sitenote_note":"","_monsterinsights_sitenote_category":0},"_links":{"self":[{"href":"https:\/\/radifinc.org\/index.php\/wp-json\/wp\/v2\/pages\/87"}],"collection":[{"href":"https:\/\/radifinc.org\/index.php\/wp-json\/wp\/v2\/pages"}],"about":[{"href":"https:\/\/radifinc.org\/index.php\/wp-json\/wp\/v2\/types\/page"}],"author":[{"embeddable":true,"href":"https:\/\/radifinc.org\/index.php\/wp-json\/wp\/v2\/users\/1"}],"replies":[{"embeddable":true,"href":"https:\/\/radifinc.org\/index.php\/wp-json\/wp\/v2\/comments?post=87"}],"version-history":[{"count":2,"href":"https:\/\/radifinc.org\/index.php\/wp-json\/wp\/v2\/pages\/87\/revisions"}],"predecessor-version":[{"id":104,"href":"https:\/\/radifinc.org\/index.php\/wp-json\/wp\/v2\/pages\/87\/revisions\/104"}],"wp:featuredmedia":[{"embeddable":true,"href":"https:\/\/radifinc.org\/index.php\/wp-json\/wp\/v2\/media\/89"}],"wp:attachment":[{"href":"https:\/\/radifinc.org\/index.php\/wp-json\/wp\/v2\/media?parent=87"}],"curies":[{"name":"wp","href":"https:\/\/api.w.org\/{rel}","templated":true}]}}